{"id":49,"date":"2023-11-25T18:34:34","date_gmt":"2023-11-25T17:34:34","guid":{"rendered":"https:\/\/morganetaverniers.com\/?page_id=49"},"modified":"2023-11-30T10:02:21","modified_gmt":"2023-11-30T09:02:21","slug":"politique-de-confidentialite-2","status":"publish","type":"page","link":"https:\/\/morganetaverniers.com\/index.php\/politique-de-confidentialite-2\/","title":{"rendered":"Politique de confidentialit\u00e9"},"content":{"rendered":"\n<p>L\u2019adresse du site est&nbsp;: http:\/\/morganetaverniers.com.<\/p>\n\n\n\n<h2 class=\"wp-block-heading\">Commentaires<\/h2>\n\n\n\n<p>Quand vous laissez un commentaire sur notre site, les donn\u00e9es inscrites dans le formulaire de commentaire, ainsi que votre adresse IP et l\u2019agent utilisateur de votre navigateur sont collect\u00e9s pour nous aider \u00e0 la d\u00e9tection des commentaires ind\u00e9sirables.<\/p>\n\n\n\n<p>Une cha\u00eene anonymis\u00e9e cr\u00e9\u00e9e \u00e0 partir de votre adresse e-mail (\u00e9galement appel\u00e9e hash) peut \u00eatre envoy\u00e9e au service Gravatar pour v\u00e9rifier si vous utilisez ce dernier. Les clauses de confidentialit\u00e9 du service Gravatar sont disponibles ici\u00a0: https:\/\/automattic.com\/privacy\/. Apr\u00e8s validation de votre commentaire, votre photo de profil sera visible publiquement \u00e0 cot\u00e9 de votre commentaire.<\/p>\n\n\n\n<h2 class=\"wp-block-heading\">Cookies<\/h2>\n\n\n\n<p>Si vous d\u00e9posez un commentaire sur notre site, il vous sera propos\u00e9 d\u2019enregistrer votre nom, adresse e-mail et site dans des cookies. C\u2019est uniquement pour votre confort afin de ne pas avoir \u00e0 saisir ces informations si vous d\u00e9posez un autre commentaire plus tard. Ces cookies expirent au bout d\u2019un an.<\/p>\n\n\n\n<p>Si vous vous rendez sur la page de connexion, un cookie temporaire sera cr\u00e9\u00e9 afin de d\u00e9terminer si votre navigateur accepte les cookies. Il ne contient pas de donn\u00e9es personnelles et sera supprim\u00e9 automatiquement \u00e0 la fermeture de votre navigateur.<\/p>\n\n\n\n<p>Lorsque vous vous connecterez, nous mettrons en place un certain nombre de cookies pour enregistrer vos informations de connexion et vos pr\u00e9f\u00e9rences d\u2019\u00e9cran. La dur\u00e9e de vie d\u2019un cookie de connexion est de deux jours, celle d\u2019un cookie d\u2019option d\u2019\u00e9cran est d\u2019un an. Si vous cochez \u00ab&nbsp;Se souvenir de moi&nbsp;\u00bb, votre cookie de connexion sera conserv\u00e9 pendant deux semaines. Si vous vous d\u00e9connectez de votre compte, le cookie de connexion sera effac\u00e9.<\/p>\n\n\n\n<p>En modifiant ou en publiant une publication, un cookie suppl\u00e9mentaire sera enregistr\u00e9 dans votre navigateur. Ce cookie ne comprend aucune donn\u00e9e personnelle. Il indique simplement l\u2019ID de la publication que vous venez de modifier. Il expire au bout d\u2019un jour.<\/p>\n\n\n\n<h2 class=\"wp-block-heading\">Contenu embarqu\u00e9 depuis d\u2019autres sites<\/h2>\n\n\n\n<p>Les articles de ce site peuvent inclure des contenus int\u00e9gr\u00e9s (par exemple des vid\u00e9os, images, articles\u2026). Le contenu int\u00e9gr\u00e9 depuis d\u2019autres sites se comporte de la m\u00eame mani\u00e8re que si le visiteur se rendait sur cet autre site.<\/p>\n\n\n\n<p>Ces sites web pourraient collecter des donn\u00e9es sur vous, utiliser des cookies, embarquer des outils de suivis tiers, suivre vos interactions avec ces contenus embarqu\u00e9s si vous disposez d\u2019un compte connect\u00e9 sur leur site web.<\/p>\n\n\n\n<h2 class=\"wp-block-heading\">Utilisation et transmission de vos donn\u00e9es personnelles<\/h2>\n\n\n\n<p>Si vous demandez une r\u00e9initialisation de votre mot de passe, votre adresse IP sera incluse dans l\u2019e-mail de r\u00e9initialisation.<\/p>\n\n\n\n<h2 class=\"wp-block-heading\">Dur\u00e9es de stockage de vos donn\u00e9es<\/h2>\n\n\n\n<p><strong><\/strong>Si vous laissez un commentaire, le commentaire et ses m\u00e9tadonn\u00e9es sont conserv\u00e9s ind\u00e9finiment. Cela permet de reconna\u00eetre et approuver automatiquement les commentaires suivants au lieu de les laisser dans la file de mod\u00e9ration.<\/p>\n\n\n\n<p>Pour les comptes qui s\u2019inscrivent sur notre site (le cas \u00e9ch\u00e9ant), nous stockons \u00e9galement les donn\u00e9es personnelles indiqu\u00e9es dans leur profil. Tous les comptes peuvent voir, modifier ou supprimer leurs informations personnelles \u00e0 tout moment (\u00e0 l\u2019exception de leur identifiant). Les gestionnaires du site peuvent aussi voir et modifier ces informations.<\/p>\n\n\n\n<h2 class=\"wp-block-heading\">Les droits que vous avez sur vos donn\u00e9es<\/h2>\n\n\n\n<p>Si vous avez un compte ou si vous avez laiss\u00e9 des commentaires sur le site, vous pouvez demander \u00e0 recevoir un fichier contenant toutes les donn\u00e9es personnelles que nous poss\u00e9dons \u00e0 votre sujet, incluant celles que vous nous avez fournies. Vous pouvez \u00e9galement demander la suppression des donn\u00e9es personnelles vous concernant. Cela ne prend pas en compte les donn\u00e9es stock\u00e9es \u00e0 des fins administratives, l\u00e9gales ou pour des raisons de s\u00e9curit\u00e9.<\/p>\n\n\n\n<h2 class=\"wp-block-heading\">O\u00f9 vos donn\u00e9es sont envoy\u00e9es<\/h2>\n\n\n\n<p><strong><\/strong>Les commentaires des visiteurs peuvent \u00eatre v\u00e9rifi\u00e9s \u00e0 l\u2019aide d\u2019un service automatis\u00e9 de d\u00e9tection des commentaires ind\u00e9sirables.<\/p>\n\n\n\n<h2 class=\"wp-block-heading\">E-mails et newsletter MailPoet<\/h2>\n\n\n\n<p>Si vous \u00eates abonn\u00e9\u00b7e \u00e0 notre newsletter ou si vous \u00eates membre de notre site (vous pouvez vous y connecter) ou si vous avez achet\u00e9 sur notre site, il y a de grandes chances que vous receviez des e-mails de notre part.<\/p>\n\n\n\n<p>Nous vous enverrons uniquement des e-mails que vous avez accept\u00e9 de recevoir, ou qui concernent les services que nous vous fournissons.<\/p>\n\n\n\n<p>Pour vous envoyer des e-mails, nous utilisons le nom et l\u2019adresse e-mail que vous nous avez fourni. Notre site stocke aussi l\u2019adresse IP que vous avez utilis\u00e9 lorsque vous avez sign\u00e9 pour le service pour emp\u00eacher un abus du syst\u00e8me.<\/p>\n\n\n\n<p>Ce site peut envoyer des e-mails via le&nbsp;<a target=\"_blank\" href=\"https:\/\/www.mailpoet.com\/privacy-notice\/\" rel=\"noreferrer noopener\">service d\u2019envoi MailPoet<\/a>. Ce service nous permet de suivre les clics et les ouvertures de nos e-mails. Nous utilisons cette information pour am\u00e9liorer le contenu de nos newsletters.<\/p>\n\n\n\n<p>Aucune information identifiable n\u2019est autrement retrac\u00e9e en dehors de ce site \u00e0 l\u2019exception de l\u2019adresse e-mail.<\/p>\n\n\n\n<p>Vous trouverez ci-dessous une liste des cookies susceptibles d\u2019\u00eatre g\u00e9n\u00e9r\u00e9s par MailPoet (notez que certains cookies sont uniquement utilis\u00e9s lorsque WooCommerce est install\u00e9 et activ\u00e9)&nbsp;:<\/p>\n\n\n\n<p>Nom du cookie&nbsp;: mailpoet_page_view<br>Expiration du cookie : 3&nbsp;650 jours.<br>Description du cookie&nbsp;: Le but de ce cookie est de suivre le dernier moment o\u00f9 un abonn\u00e9 a vu une page quelconque du site.<\/p>\n\n\n\n<p>Nom du cookie&nbsp;: mailpoet_revenue_tracking<br>Expiration du cookie : 14 jours.<br>Description du cookie : Le but de ce cookie est de suivre quelle newsletter envoy\u00e9e depuis votre site a \u00e9t\u00e9 cliqu\u00e9 et un a entra\u00een\u00e9 un achat dans votre boutique WooCommerce.<\/p>\n\n\n\n<p>Nom du cookie&nbsp;: mailpoet_subscriber<br>Expiration du cookie : 3&nbsp;650 jours.<br>Description du cookie&nbsp;: Le but de ce cookie est de suivre l\u2019engagement de l\u2018abonn\u00e9. Il est utilis\u00e9 quand il se connecte, s\u2019inscrit dans un formulaire, confirme l\u2019abonnement \u00e0 une newsletter, ou passe une commande via WooCommerce.<br>Note : L\u2019utilisateur ou l\u2018utilisatrice doit avoir accept\u00e9 et avoir un abonnement confirm\u00e9.<\/p>\n\n\n\n<p>Nom du cookie&nbsp;: popup_form_dismissed_{$formId}<br>Expiration de cookie&nbsp;: la date d\u2019expiration varie et peut \u00eatre d\u00e9finie par formulaire.<br>Description du cookie&nbsp;: Le but de ce cookie est de suivre si un utilisateur a pr\u00e9c\u00e9demment rejet\u00e9 un formulaire sp\u00e9cifique, ce qui emp\u00eache le r\u00e9-affichage du formulaire jusqu\u2019\u00e0 la date d\u2019expiration du cookie. Il s\u2019applique aux formulaires de type popup, glissant ou fixe.<\/p>\n\n\n\n<p>Nous collectons des informations lors de la validation de commande sur notre boutique.<\/p>\n\n\n\n<h2 class=\"wp-block-heading\">Ce que nous collectons et stockons<\/h2>\n\n\n\n<p>Pendant votre visite du site, nous suivons&nbsp;:<\/p>\n\n\n\n<ul class=\"wp-block-list\">\n<li>Produits que vous avez vus&nbsp;: permet par exemple d\u2019afficher des produits que vous avez r\u00e9cemment consult\u00e9s<\/li>\n\n\n\n<li>Localisation, adresse IP et type de navigateur&nbsp;: nous les utilisons pour l\u2018estimation des taxes et frais de port<\/li>\n\n\n\n<li>Adresse de livraison&nbsp;: nous vous demanderons de la saisir pour estimer les frais d\u2019exp\u00e9dition avant que vous passiez commande, et pour vous envoyer la commande&nbsp;!<\/li>\n<\/ul>\n\n\n\n<p>Nous utilisons des cookies pour suivre les contenus du panier pendant que vous naviguez sur notre site.<\/p>\n\n\n\n<p>Quand vous achetez sur notre site web, nous vous demanderons de fournir des informations incluant votre nom, adresse de facturation, adresse de livraison, e-mail, num\u00e9ro de t\u00e9l\u00e9phone, donn\u00e9es de paiement \/ carte bancaire et \u00e9ventuellement les donn\u00e9es du compte tel que l\u2019identifiant et le mot de passe. Ces informations seront utilis\u00e9es pour&nbsp;:<\/p>\n\n\n\n<ul class=\"wp-block-list\">\n<li>Envoie de l\u2019information \u00e0 propos de votre compte et commande<\/li>\n\n\n\n<li>R\u00e9pondre aux demandes, incluant les remboursements et plaintes<\/li>\n\n\n\n<li>Traitement des paiements et pr\u00e9vention de la fraude<\/li>\n\n\n\n<li>Configurez votre compte pour notre boutique<\/li>\n\n\n\n<li>Se conformer avec toute obligation l\u00e9gale, telle que le calcul des taxes<\/li>\n\n\n\n<li>Am\u00e9liorer les offres de notre boutique<\/li>\n\n\n\n<li>Vous envoyer des messages marketing, si vous choisissez d\u2019en recevoir<\/li>\n<\/ul>\n\n\n\n<p>Si vous cr\u00e9ez un compte, nous stockons votre nom, adresse, e-mail, et num\u00e9ro de t\u00e9l\u00e9phone, qui sera utilis\u00e9 pour pr\u00e9remplir la validation de commande pour les prochaines commandes.<\/p>\n\n\n\n<p>Nous stockons g\u00e9n\u00e9ralement vos informations aussi longtemps que nous en avons besoin pour l\u2019usage pour lequel nous les collectons et utilisons, et nous ne sommes pas oblig\u00e9s l\u00e9galement de continuer \u00e0 les conserver. Par exemple, nous stockons les informations de commande pour XXX ann\u00e9es pour les taxes et la comptabilit\u00e9. Ceci inclut votre nom, e-mail et adresses de facturation et livraison.<\/p>\n\n\n\n<p>Nous stockons aussi les commentaires ou avis, si vous choisissez d\u2019en envoyer.<\/p>\n\n\n\n<h2 class=\"wp-block-heading\">Qui de notre \u00e9quipe a acc\u00e8s aux donn\u00e9es<\/h2>\n\n\n\n<p>Les membres de notre \u00e9quipe ont acc\u00e8s aux informations que vous nous fournissez. Par exemple, les administrateurs et g\u00e9rants de boutique ont acc\u00e8s&nbsp;:<\/p>\n\n\n\n<ul class=\"wp-block-list\">\n<li>Information de commande tel que ce qui a \u00e9t\u00e9 achet\u00e9, quand et o\u00f9 cela doit \u00eatre envoy\u00e9, et<\/li>\n\n\n\n<li>Information client tel que votre nom, e-mail et informations de facturation et livraison.<\/li>\n<\/ul>\n\n\n\n<p>Notre \u00e9quipe a acc\u00e8s \u00e0 ces informations pour tra\u00eeter les commandes, effectuer les remboursements et vous aider.<\/p>\n\n\n\n<h2 class=\"wp-block-heading\">Ce que nous partageons avec d\u2019autres<\/h2>\n\n\n\n<p>Nous partageons des donn\u00e9es avec des tiers qui nous aident \u00e0 g\u00e9rer nos commandes et services de la boutique; par exemple Mondial Relay, La poste.<\/p>\n\n\n\n<h3 class=\"wp-block-heading\">Paiements<\/h3>\n\n\n\n<p>Nous acceptons les paiements par Carte Bancaire. Lors du traitement des paiements, voici les donn\u00e9es qui sont collect\u00e9es :<\/p>\n\n\n\n<ul class=\"wp-block-list\">\n<li>Nom<\/li>\n\n\n\n<li>E-mail<\/li>\n\n\n\n<li>Adresse<\/li>\n\n\n\n<li>T\u00e9l\u00e9phone<\/li>\n\n\n\n<li>Ville\/\u00c9tat\/code postal<\/li>\n\n\n\n<li>Identifiant de paiement unique<\/li>\n\n\n\n<li>Identifiant du fournisseur de paiement<\/li>\n<\/ul>\n\n\n\n<p>Ce site utilise la mise en cache afin de faciliter un temps de r\u00e9ponse plus rapide et une meilleure exp\u00e9rience utilisateur. La mise en cache stocke potentiellement une copie de chaque page web affich\u00e9e sur ce site. Tous les fichiers de cache sont temporaires et ne sont jamais accessibles \u00e0 un tiers, sauf si cela est n\u00e9cessaire pour obtenir le support technique du fournisseur de l\u2019extension de cache. Les fichiers cache expirent selon une planification fix\u00e9e par l\u2019administrateur du site, mais peuvent facilement \u00eatre purg\u00e9s par l\u2019administrateur avant leur expiration naturelle, si n\u00e9cessaire. Veuillez voir&nbsp;<a href=\"https:\/\/quic.cloud\/privacy-policy\/\" target=\"_blank\" rel=\"noreferrer noopener\">https:\/\/quic.cloud\/privacy-policy\/<\/a>&nbsp;pour plus de d\u00e9tails.<\/p>\n","protected":false},"excerpt":{"rendered":"<p>L\u2019adresse du site est&nbsp;: http:\/\/morganetaverniers.com. Commentaires Quand vous laissez un commentaire sur notre site, les donn\u00e9es inscrites dans le formulaire de commentaire, ainsi que votre adresse IP et l\u2019agent utilisateur de votre navigateur sont collect\u00e9s pour nous aider \u00e0 la d\u00e9tection des commentaires ind\u00e9sirables. Une cha\u00eene anonymis\u00e9e cr\u00e9\u00e9e \u00e0 partir de votre adresse e-mail (\u00e9galement appel\u00e9e hash) peut \u00eatre envoy\u00e9e au service Gravatar pour v\u00e9rifier si vous utilisez ce dernier. Les clauses de confidentialit\u00e9 du service Gravatar sont disponibles ici\u00a0: https:\/\/automattic.com\/privacy\/. Apr\u00e8s validation de votre commentaire, votre photo de profil sera visible publiquement \u00e0 cot\u00e9 de votre commentaire. Cookies Si vous d\u00e9posez un commentaire sur notre site, il vous sera propos\u00e9 d\u2019enregistrer votre nom, adresse e-mail et site dans des cookies. C\u2019est uniquement pour votre confort afin de ne pas avoir \u00e0 saisir ces informations si vous d\u00e9posez un autre commentaire plus tard. Ces cookies expirent au bout d\u2019un an. Si vous vous rendez sur la page de connexion, un cookie temporaire sera cr\u00e9\u00e9 afin de d\u00e9terminer si votre navigateur accepte les cookies. Il ne contient pas de donn\u00e9es personnelles et sera supprim\u00e9 automatiquement \u00e0 la fermeture de votre navigateur. Lorsque vous vous connecterez, nous mettrons en place un certain nombre de cookies pour enregistrer vos informations de connexion et vos pr\u00e9f\u00e9rences d\u2019\u00e9cran. La dur\u00e9e de vie d\u2019un cookie de connexion est de deux jours, celle d\u2019un cookie d\u2019option d\u2019\u00e9cran est d\u2019un an. Si vous cochez \u00ab&nbsp;Se souvenir de moi&nbsp;\u00bb, votre cookie de connexion sera conserv\u00e9 pendant deux semaines. Si vous vous d\u00e9connectez de votre compte, le cookie de connexion sera effac\u00e9. En modifiant ou en publiant une publication, un cookie suppl\u00e9mentaire sera enregistr\u00e9 dans votre navigateur. Ce cookie ne comprend aucune donn\u00e9e personnelle. Il indique simplement l\u2019ID de la publication que vous venez de modifier. Il expire au bout d\u2019un jour. Contenu embarqu\u00e9 depuis d\u2019autres sites Les articles de ce site peuvent inclure des contenus int\u00e9gr\u00e9s (par exemple des vid\u00e9os, images, articles\u2026). Le contenu int\u00e9gr\u00e9 depuis d\u2019autres sites se comporte de la m\u00eame mani\u00e8re que si le visiteur se rendait sur cet autre site. Ces sites web pourraient collecter des donn\u00e9es sur vous, utiliser des cookies, embarquer des outils de suivis tiers, suivre vos interactions avec ces contenus embarqu\u00e9s si vous disposez d\u2019un compte connect\u00e9 sur leur site web. Utilisation et transmission de vos donn\u00e9es personnelles Si vous demandez une r\u00e9initialisation de votre mot de passe, votre adresse IP sera incluse dans l\u2019e-mail de r\u00e9initialisation. Dur\u00e9es de stockage de vos donn\u00e9es Si vous laissez un commentaire, le commentaire et ses m\u00e9tadonn\u00e9es sont conserv\u00e9s ind\u00e9finiment. Cela permet de reconna\u00eetre et approuver automatiquement les commentaires suivants au lieu de les laisser dans la file de mod\u00e9ration. Pour les comptes qui s\u2019inscrivent sur notre site (le cas \u00e9ch\u00e9ant), nous stockons \u00e9galement les donn\u00e9es personnelles indiqu\u00e9es dans leur profil. Tous les comptes peuvent voir, modifier ou supprimer leurs informations personnelles \u00e0 tout moment (\u00e0 l\u2019exception de leur identifiant). Les gestionnaires du site peuvent aussi voir et modifier ces informations. Les droits que vous avez sur vos donn\u00e9es Si vous avez un compte ou si vous avez laiss\u00e9 des commentaires sur le site, vous pouvez demander \u00e0 recevoir un fichier contenant toutes les donn\u00e9es personnelles que nous poss\u00e9dons \u00e0 votre sujet, incluant celles que vous nous avez fournies. Vous pouvez \u00e9galement demander la suppression des donn\u00e9es personnelles vous concernant. Cela ne prend pas en compte les donn\u00e9es stock\u00e9es \u00e0 des fins administratives, l\u00e9gales ou pour des raisons de s\u00e9curit\u00e9. O\u00f9 vos donn\u00e9es sont envoy\u00e9es Les commentaires des visiteurs peuvent \u00eatre v\u00e9rifi\u00e9s \u00e0 l\u2019aide d\u2019un service automatis\u00e9 de d\u00e9tection des commentaires ind\u00e9sirables. E-mails et newsletter MailPoet Si vous \u00eates abonn\u00e9\u00b7e \u00e0 notre newsletter ou si vous \u00eates membre de notre site (vous pouvez vous y connecter) ou si vous avez achet\u00e9 sur notre site, il y a de grandes chances que vous receviez des e-mails de notre part. Nous vous enverrons uniquement des e-mails que vous avez accept\u00e9 de recevoir, ou qui concernent les services que nous vous fournissons. Pour vous envoyer des e-mails, nous utilisons le nom et l\u2019adresse e-mail que vous nous avez fourni. Notre site stocke aussi l\u2019adresse IP que vous avez utilis\u00e9 lorsque vous avez sign\u00e9 pour le service pour emp\u00eacher un abus du syst\u00e8me. Ce site peut envoyer des e-mails via le&nbsp;service d\u2019envoi MailPoet. Ce service nous permet de suivre les clics et les ouvertures de nos e-mails. Nous utilisons cette information pour am\u00e9liorer le contenu de nos newsletters. Aucune information identifiable n\u2019est autrement retrac\u00e9e en dehors de ce site \u00e0 l\u2019exception de l\u2019adresse e-mail. Vous trouverez ci-dessous une liste des cookies susceptibles d\u2019\u00eatre g\u00e9n\u00e9r\u00e9s par MailPoet (notez que certains cookies sont uniquement utilis\u00e9s lorsque WooCommerce est install\u00e9 et activ\u00e9)&nbsp;: Nom du cookie&nbsp;: mailpoet_page_viewExpiration du cookie : 3&nbsp;650 jours.Description du cookie&nbsp;: Le but de ce cookie est de suivre le dernier moment o\u00f9 un abonn\u00e9 a vu une page quelconque du site. Nom du cookie&nbsp;: mailpoet_revenue_trackingExpiration du cookie : 14 jours.Description du cookie : Le but de ce cookie est de suivre quelle newsletter envoy\u00e9e depuis votre site a \u00e9t\u00e9 cliqu\u00e9 et un a entra\u00een\u00e9 un achat dans votre boutique WooCommerce. Nom du cookie&nbsp;: mailpoet_subscriberExpiration du cookie : 3&nbsp;650 jours.Description du cookie&nbsp;: Le but de ce cookie est de suivre l\u2019engagement de l\u2018abonn\u00e9. Il est utilis\u00e9 quand il se connecte, s\u2019inscrit dans un formulaire, confirme l\u2019abonnement \u00e0 une newsletter, ou passe une commande via WooCommerce.Note : L\u2019utilisateur ou l\u2018utilisatrice doit avoir accept\u00e9 et avoir un abonnement confirm\u00e9. Nom du cookie&nbsp;: popup_form_dismissed_{$formId}Expiration de cookie&nbsp;: la date d\u2019expiration varie et peut \u00eatre d\u00e9finie par formulaire.Description du cookie&nbsp;: Le but de ce cookie est de suivre si un utilisateur a pr\u00e9c\u00e9demment rejet\u00e9 un formulaire sp\u00e9cifique, ce qui emp\u00eache le r\u00e9-affichage du formulaire jusqu\u2019\u00e0 la date d\u2019expiration du cookie. Il s\u2019applique aux formulaires de type popup, glissant ou fixe. Nous collectons des informations lors de la validation de commande sur notre boutique. Ce que nous collectons et stockons Pendant votre visite du site, nous suivons&nbsp;: Nous utilisons des cookies pour suivre les contenus du panier pendant que vous naviguez sur notre site. Quand vous achetez sur notre site web, nous vous demanderons de fournir des informations incluant votre nom, adresse de facturation, adresse de livraison, e-mail, num\u00e9ro de t\u00e9l\u00e9phone, donn\u00e9es de paiement \/ carte bancaire et \u00e9ventuellement les donn\u00e9es du compte tel que l\u2019identifiant et le mot de passe. Ces informations seront utilis\u00e9es pour&nbsp;: Si vous cr\u00e9ez un compte, nous stockons votre nom, adresse, e-mail, et num\u00e9ro de t\u00e9l\u00e9phone, qui sera utilis\u00e9 pour pr\u00e9remplir la validation de commande pour les prochaines commandes. Nous stockons g\u00e9n\u00e9ralement vos informations aussi longtemps que nous en avons besoin pour l\u2019usage pour lequel nous les collectons et utilisons, et nous ne sommes pas oblig\u00e9s l\u00e9galement de continuer \u00e0 les conserver. Par exemple, nous stockons les informations de commande pour XXX ann\u00e9es pour les taxes et la comptabilit\u00e9. Ceci inclut votre nom, e-mail et adresses de facturation et livraison. Nous stockons aussi les commentaires ou avis, si vous choisissez d\u2019en envoyer. Qui de notre \u00e9quipe a acc\u00e8s aux donn\u00e9es Les membres de notre \u00e9quipe ont acc\u00e8s aux informations que vous nous fournissez. Par exemple, les administrateurs et g\u00e9rants de boutique ont acc\u00e8s&nbsp;: Notre \u00e9quipe a acc\u00e8s \u00e0 ces informations pour tra\u00eeter les commandes, effectuer les remboursements et vous aider. Ce que nous partageons avec d\u2019autres Nous partageons des donn\u00e9es avec des tiers qui nous aident \u00e0 g\u00e9rer nos commandes et services de la boutique; par exemple Mondial Relay, La poste. Paiements Nous acceptons les paiements par Carte Bancaire. Lors du traitement des paiements, voici les donn\u00e9es qui sont collect\u00e9es : Ce site utilise la mise en cache afin de faciliter un temps de r\u00e9ponse plus rapide et une meilleure exp\u00e9rience utilisateur. La mise en cache stocke potentiellement une copie de chaque page web affich\u00e9e sur ce site. Tous les fichiers de cache sont temporaires et ne sont jamais accessibles \u00e0 un tiers, sauf si cela est n\u00e9cessaire pour obtenir le support technique du fournisseur de l\u2019extension de cache. Les fichiers cache expirent selon une planification fix\u00e9e par l\u2019administrateur du site, mais peuvent facilement \u00eatre purg\u00e9s par l\u2019administrateur avant leur expiration naturelle, si n\u00e9cessaire. Veuillez voir&nbsp;https:\/\/quic.cloud\/privacy-policy\/&nbsp;pour plus de d\u00e9tails.<\/p>\n","protected":false},"author":1,"featured_media":0,"parent":0,"menu_order":0,"comment_status":"closed","ping_status":"closed","template":"","meta":{"_monsterinsights_skip_tracking":false,"_monsterinsights_sitenote_active":false,"_monsterinsights_sitenote_note":"","_monsterinsights_sitenote_category":0,"footnotes":""},"class_list":["post-49","page","type-page","status-publish","hentry"],"aioseo_notices":[],"jetpack_sharing_enabled":true,"_links":{"self":[{"href":"https:\/\/morganetaverniers.com\/index.php\/wp-json\/wp\/v2\/pages\/49","targetHints":{"allow":["GET"]}}],"collection":[{"href":"https:\/\/morganetaverniers.com\/index.php\/wp-json\/wp\/v2\/pages"}],"about":[{"href":"https:\/\/morganetaverniers.com\/index.php\/wp-json\/wp\/v2\/types\/page"}],"author":[{"embeddable":true,"href":"https:\/\/morganetaverniers.com\/index.php\/wp-json\/wp\/v2\/users\/1"}],"replies":[{"embeddable":true,"href":"https:\/\/morganetaverniers.com\/index.php\/wp-json\/wp\/v2\/comments?post=49"}],"version-history":[{"count":3,"href":"https:\/\/morganetaverniers.com\/index.php\/wp-json\/wp\/v2\/pages\/49\/revisions"}],"predecessor-version":[{"id":1016,"href":"https:\/\/morganetaverniers.com\/index.php\/wp-json\/wp\/v2\/pages\/49\/revisions\/1016"}],"wp:attachment":[{"href":"https:\/\/morganetaverniers.com\/index.php\/wp-json\/wp\/v2\/media?parent=49"}],"curies":[{"name":"wp","href":"https:\/\/api.w.org\/{rel}","templated":true}]}}