{"id":50,"date":"2023-11-25T18:34:34","date_gmt":"2023-11-25T17:34:34","guid":{"rendered":"https:\/\/morganetaverniers.com\/?page_id=50"},"modified":"2023-12-01T18:49:13","modified_gmt":"2023-12-01T17:49:13","slug":"livraison-et-retours","status":"publish","type":"page","link":"https:\/\/morganetaverniers.com\/index.php\/livraison-et-retours\/","title":{"rendered":"Livraison et retours"},"content":{"rendered":"\n<p><strong>Mode de livraison :<\/strong><\/p>\n\n\n\n<p>La livraison s\u2019effectue par Mondial Relay en point relais ou lockers (3 \u00e0 5 jours ouvr\u00e9s), uniquement en France m\u00e9tropolitaine.<\/p>\n\n\n\n<p><strong>D\u00e9lais de livraison :&nbsp;<\/strong><\/p>\n\n\n\n<ul class=\"wp-block-list\">\n<li>Pour les patrons format pdf : vous recevez votre patron \u00e0 t\u00e9l\u00e9charger imm\u00e9diatement apr\u00e8s la commande dans l\u2019onglet \u201cT\u00e9l\u00e9chargements\u201d de \u201cMon compte\u201d.<\/li>\n<\/ul>\n\n\n\n<ul class=\"wp-block-list\">\n<li>Pour les patrons format pochette : Il faut compter entre 3 et 5 jours de pr\u00e9paration et d\u2019exp\u00e9dition de votre commande pour un envoi en France m\u00e9tropolitaine.<\/li>\n<\/ul>\n\n\n\n<p><strong>Retour : <\/strong><\/p>\n\n\n\n<p>Pour un achat de bien physique, vous disposez d\u2019un d\u00e9lai de 14 jours \u00e0 compter de la r\u00e9ception de votre commande pour vous r\u00e9tracter.&nbsp;<\/p>\n\n\n\n<p><em>Pour proc\u00e9der \u00e0 un retour :<\/em><\/p>\n\n\n\n<ul class=\"wp-block-list\">\n<li>&nbsp;Faites votre demande d\u2019\u00e9tiquette de retour \u00e0 l\u2019adresse <a href=\"mailto:contact@morganetaverniers.com\">contact@morganetaverniers.com<\/a><\/li>\n\n\n\n<li>Imprimez et collez l\u2019\u00e9tiquette de retour sur votre paquet. D\u00e9posez-le en bureau de Poste ou dans un point relais Mondial Relay en fonction du mode de livraison choisi au d\u00e9part.<\/li>\n<\/ul>\n\n\n\n<p>Vous devez retourner les articles non souhait\u00e9s sous un d\u00e9lai de 14 jours \u00e0 compter de votre d\u00e9cision de r\u00e9tractation.<\/p>\n\n\n\n<p>Les articles doivent \u00eatre retourn\u00e9s dans un parfait \u00e9tat avec leur contenu complet.<\/p>\n\n\n\n<p>Le remboursement est effectu\u00e9 une fois le colis r\u00e9ceptionn\u00e9.<\/p>\n","protected":false},"excerpt":{"rendered":"<p>Mode de livraison : La livraison s\u2019effectue par Mondial Relay en point relais ou lockers (3 \u00e0 5 jours ouvr\u00e9s), uniquement en France m\u00e9tropolitaine. D\u00e9lais de livraison :&nbsp; Retour : Pour un achat de bien physique, vous disposez d\u2019un d\u00e9lai de 14 jours \u00e0 compter de la r\u00e9ception de votre commande pour vous r\u00e9tracter.&nbsp; Pour proc\u00e9der \u00e0 un retour : Vous devez retourner les articles non souhait\u00e9s sous un d\u00e9lai de 14 jours \u00e0 compter de votre d\u00e9cision de r\u00e9tractation. Les articles doivent \u00eatre retourn\u00e9s dans un parfait \u00e9tat avec leur contenu complet. Le remboursement est effectu\u00e9 une fois le colis r\u00e9ceptionn\u00e9.<\/p>\n","protected":false},"author":1,"featured_media":0,"parent":0,"menu_order":0,"comment_status":"closed","ping_status":"closed","template":"","meta":{"_monsterinsights_skip_tracking":false,"_monsterinsights_sitenote_active":false,"_monsterinsights_sitenote_note":"","_monsterinsights_sitenote_category":0,"footnotes":""},"class_list":["post-50","page","type-page","status-publish","hentry"],"aioseo_notices":[],"jetpack_sharing_enabled":true,"_links":{"self":[{"href":"https:\/\/morganetaverniers.com\/index.php\/wp-json\/wp\/v2\/pages\/50","targetHints":{"allow":["GET"]}}],"collection":[{"href":"https:\/\/morganetaverniers.com\/index.php\/wp-json\/wp\/v2\/pages"}],"about":[{"href":"https:\/\/morganetaverniers.com\/index.php\/wp-json\/wp\/v2\/types\/page"}],"author":[{"embeddable":true,"href":"https:\/\/morganetaverniers.com\/index.php\/wp-json\/wp\/v2\/users\/1"}],"replies":[{"embeddable":true,"href":"https:\/\/morganetaverniers.com\/index.php\/wp-json\/wp\/v2\/comments?post=50"}],"version-history":[{"count":3,"href":"https:\/\/morganetaverniers.com\/index.php\/wp-json\/wp\/v2\/pages\/50\/revisions"}],"predecessor-version":[{"id":1038,"href":"https:\/\/morganetaverniers.com\/index.php\/wp-json\/wp\/v2\/pages\/50\/revisions\/1038"}],"wp:attachment":[{"href":"https:\/\/morganetaverniers.com\/index.php\/wp-json\/wp\/v2\/media?parent=50"}],"curies":[{"name":"wp","href":"https:\/\/api.w.org\/{rel}","templated":true}]}}