{"id":1005,"date":"2023-11-29T23:22:00","date_gmt":"2023-11-29T22:22:00","guid":{"rendered":"https:\/\/morganetaverniers.com\/?post_type=product&#038;p=1005"},"modified":"2024-08-22T13:46:37","modified_gmt":"2024-08-22T11:46:37","slug":"patrons-pdf-collection-ah23-tarco-casa","status":"publish","type":"product","link":"https:\/\/morganetaverniers.com\/index.php\/product\/patrons-pdf-collection-ah23-tarco-casa\/","title":{"rendered":"PACK Collection AH23 &#8211; Patron PDF"},"content":{"rendered":"<p>Patrons du Sweat Tarco et du Manteau Casa au format PDF.<\/p>\n<p>De la taille 34 \u00e0 52.<\/p>\n<p>Niveau de difficult\u00e9 : 3\/5 (Tarco) \/\u00a0 3,5\/5(Casa)<\/p>\n<p>Le fichier comprend :<\/p>\n<ul>\n<li>Patron PDF A4 \u00e0 t\u00e9l\u00e9charger et \u00e0 imprimer \u00e0 \u00e9chelle 100%<\/li>\n<li>Patron PDF A0 \u00e0 t\u00e9l\u00e9charger<\/li>\n<li>Instructions PDF \u00e0 t\u00e9l\u00e9charger<\/li>\n<\/ul>\n<p>(Utiliser Adobe Acrobat pour avoir acc\u00e8s aux calques sur les patrons.)<\/p>\n","protected":false},"excerpt":{"rendered":"<p>Lot regroupant les 2 patrons PDF de la 1\u00e8re collection Automne-Hiver 2023.<\/p>\n<p>Sweat Tarco :<\/p>\n<p>Tarco est un sweat qui arrive aux hanches. Il poss\u00e8de une capuche doubl\u00e9e mais \u00e9galement un col, pratique pour la saison.<br \/>\nSes manches sont resserr\u00e9es par un poignet et les d\u00e9coupes permettent de jouer avec les mati\u00e8res et\/ou les couleurs.<br \/>\nSa poche ventrale remplace une sacoche banane et est assez large pour contenir les petites affaires dont on a besoin<br \/>\nau quotidien (t\u00e9l\u00e9phone, porte-monnaie, cl\u00e9s, &#8230;).<\/p>\n<p>Manteau Casa :<\/p>\n<p>Casa est un manteau tr\u00e8s loose, matelass\u00e9 et \u00e0 la forme \u00e9vas\u00e9e qui apporte un grand confort. Ferm\u00e9 par un zip sur le devant,<br \/>\nil peut se porter le col enti\u00e8rement remont\u00e9 ou col ouvert.<br \/>\nLe mod\u00e8le poss\u00e8de deux grandes poches sur le devant mais pas seulement .. Sa particularit\u00e9<br \/>\nse trouve \u00e0 l\u2019int\u00e9rieur : on y trouve deux autres grandes poches o\u00f9 l\u2019on peut y mettre toutes ses<br \/>\npetites affaires afin d\u2019\u00e9viter de sortir constamment avec son sac \u00e0 main ! Ses poches sont plus<br \/>\ngrandes qu\u2019un carnet A5 donc tr\u00e8s facile d\u2019y glisser son porte-monnaie, sa bo\u00eete \u00e0 lunettes,<br \/>\nson t\u00e9l\u00e9phone, son bloc-note, &#8230;<\/p>\n<p><em>Partage tes cr\u00e9ations sur instagram #MorganeTaverniers #Sweattarco #Manteaucasa<\/em><\/p>\n","protected":false},"featured_media":1106,"comment_status":"open","ping_status":"closed","template":"","meta":{"_monsterinsights_skip_tracking":false,"_monsterinsights_sitenote_active":false,"_monsterinsights_sitenote_note":"","_monsterinsights_sitenote_category":0},"product_brand":[],"product_cat":[18,50],"product_tag":[],"class_list":{"0":"post-1005","1":"product","2":"type-product","3":"status-publish","4":"has-post-thumbnail","6":"product_cat-patron-pdf","7":"product_cat-vetements-pdf","9":"first","10":"instock","11":"sale","12":"downloadable","13":"virtual","14":"purchasable","15":"product-type-simple"},"aioseo_notices":[],"jetpack_sharing_enabled":true,"_links":{"self":[{"href":"https:\/\/morganetaverniers.com\/index.php\/wp-json\/wp\/v2\/product\/1005","targetHints":{"allow":["GET"]}}],"collection":[{"href":"https:\/\/morganetaverniers.com\/index.php\/wp-json\/wp\/v2\/product"}],"about":[{"href":"https:\/\/morganetaverniers.com\/index.php\/wp-json\/wp\/v2\/types\/product"}],"replies":[{"embeddable":true,"href":"https:\/\/morganetaverniers.com\/index.php\/wp-json\/wp\/v2\/comments?post=1005"}],"wp:featuredmedia":[{"embeddable":true,"href":"https:\/\/morganetaverniers.com\/index.php\/wp-json\/wp\/v2\/media\/1106"}],"wp:attachment":[{"href":"https:\/\/morganetaverniers.com\/index.php\/wp-json\/wp\/v2\/media?parent=1005"}],"wp:term":[{"taxonomy":"product_brand","embeddable":true,"href":"https:\/\/morganetaverniers.com\/index.php\/wp-json\/wp\/v2\/product_brand?post=1005"},{"taxonomy":"product_cat","embeddable":true,"href":"https:\/\/morganetaverniers.com\/index.php\/wp-json\/wp\/v2\/product_cat?post=1005"},{"taxonomy":"product_tag","embeddable":true,"href":"https:\/\/morganetaverniers.com\/index.php\/wp-json\/wp\/v2\/product_tag?post=1005"}],"curies":[{"name":"wp","href":"https:\/\/api.w.org\/{rel}","templated":true}]}}