{"id":1019,"date":"2023-12-01T12:30:18","date_gmt":"2023-12-01T11:30:18","guid":{"rendered":"https:\/\/morganetaverniers.com\/?post_type=product&#038;p=1019"},"modified":"2025-03-17T12:46:31","modified_gmt":"2025-03-17T11:46:31","slug":"patron-pochette-sweat-tarco","status":"publish","type":"product","link":"https:\/\/morganetaverniers.com\/index.php\/product\/patron-pochette-sweat-tarco\/","title":{"rendered":"Sweat TARCO &#8211; Patron POCHETTE"},"content":{"rendered":"<p>Patron du Sweat Tarco au format POCHETTE.<\/p>\n<p>De la taille 34 \u00e0 52.<\/p>\n<p>Niveau de difficult\u00e9 : 3\/5<\/p>\n<p>La pochette comprend :<\/p>\n<ul>\n<li>Livret d&rsquo;instructions imprim\u00e9 (et en version PDF)<\/li>\n<li>Patron A0 imprim\u00e9 (et en version PDF)<\/li>\n<li>Patron A4 en version PDF<\/li>\n<\/ul>\n<p>Envoi uniquement en France et en point relais ou lockers avec Mondial Relay.<\/p>\n","protected":false},"excerpt":{"rendered":"<p>Tarco est un sweat qui arrive aux hanches. Il poss\u00e8de une capuche doubl\u00e9e mais \u00e9galement un col, pratique pour la saison.<br \/>\nSes manches sont resserr\u00e9es par un poignet et les d\u00e9coupes permettent de jouer avec les mati\u00e8res et\/ou les couleurs.<br \/>\nSa poche ventrale remplace une sacoche banane et est assez large pour contenir les petites affaires dont on a besoin<br \/>\nau quotidien (t\u00e9l\u00e9phone, porte-monnaie, cl\u00e9s, &#8230;).<\/p>\n<p><em>Partage tes cr\u00e9ations sur instagram #MorganeTaverniers #Sweattarco<\/em><\/p>\n","protected":false},"featured_media":1099,"comment_status":"open","ping_status":"closed","template":"","meta":{"_monsterinsights_skip_tracking":false,"_monsterinsights_sitenote_active":false,"_monsterinsights_sitenote_note":"","_monsterinsights_sitenote_category":0},"product_brand":[],"product_cat":[43,49],"product_tag":[],"class_list":{"0":"post-1019","1":"product","2":"type-product","3":"status-publish","4":"has-post-thumbnail","6":"product_cat-patron-pochette","7":"product_cat-vetements-pochette","9":"first","10":"instock","11":"downloadable","12":"shipping-taxable","13":"purchasable","14":"product-type-simple"},"aioseo_notices":[],"jetpack_sharing_enabled":true,"_links":{"self":[{"href":"https:\/\/morganetaverniers.com\/index.php\/wp-json\/wp\/v2\/product\/1019","targetHints":{"allow":["GET"]}}],"collection":[{"href":"https:\/\/morganetaverniers.com\/index.php\/wp-json\/wp\/v2\/product"}],"about":[{"href":"https:\/\/morganetaverniers.com\/index.php\/wp-json\/wp\/v2\/types\/product"}],"replies":[{"embeddable":true,"href":"https:\/\/morganetaverniers.com\/index.php\/wp-json\/wp\/v2\/comments?post=1019"}],"wp:featuredmedia":[{"embeddable":true,"href":"https:\/\/morganetaverniers.com\/index.php\/wp-json\/wp\/v2\/media\/1099"}],"wp:attachment":[{"href":"https:\/\/morganetaverniers.com\/index.php\/wp-json\/wp\/v2\/media?parent=1019"}],"wp:term":[{"taxonomy":"product_brand","embeddable":true,"href":"https:\/\/morganetaverniers.com\/index.php\/wp-json\/wp\/v2\/product_brand?post=1019"},{"taxonomy":"product_cat","embeddable":true,"href":"https:\/\/morganetaverniers.com\/index.php\/wp-json\/wp\/v2\/product_cat?post=1019"},{"taxonomy":"product_tag","embeddable":true,"href":"https:\/\/morganetaverniers.com\/index.php\/wp-json\/wp\/v2\/product_tag?post=1019"}],"curies":[{"name":"wp","href":"https:\/\/api.w.org\/{rel}","templated":true}]}}