{"id":1042,"date":"2024-01-06T10:47:17","date_gmt":"2024-01-06T09:47:17","guid":{"rendered":"https:\/\/morganetaverniers.com\/?post_type=product&#038;p=1042"},"modified":"2025-03-14T12:11:58","modified_gmt":"2025-03-14T11:11:58","slug":"patron-pdf-sac-bandouliere-rond","status":"publish","type":"product","link":"https:\/\/morganetaverniers.com\/index.php\/product\/patron-pdf-sac-bandouliere-rond\/","title":{"rendered":"Sac Rond Sylvestre &#8211; Patron PDF"},"content":{"rendered":"<p>Patron PDF sac bandouli\u00e8re rond.<\/p>\n<p>Dimensions : Diam\u00e8tre 24cm, \u00e9paisseur 6cm.<\/p>\n<p>Niveau de difficult\u00e9 : 2\/5<\/p>\n<p>Accessible aux d\u00e9butants.<\/p>\n<p>Le fichier comprend :<\/p>\n<ul>\n<li>Patron PDF A4 \u00e0 t\u00e9l\u00e9charger et \u00e0 imprimer \u00e0 \u00e9chelle 100%<\/li>\n<li>Instructions PDF \u00e0 t\u00e9l\u00e9charger<\/li>\n<\/ul>\n<p>&nbsp;<\/p>\n","protected":false},"excerpt":{"rendered":"<p>Sac rond \u00e0 bandouli\u00e8re doubl\u00e9.<\/p>\n<p>Tr\u00e8s pratique pour y mettre toutes ses petites affaires (porte-monnaie, ch\u00e9quier, bo\u00eete de lunettes ..) sans non plus \u00eatre trop grand pour ne pas \u00eatre encombrant !<\/p>\n","protected":false},"featured_media":1197,"comment_status":"open","ping_status":"closed","template":"","meta":{"_monsterinsights_skip_tracking":false,"_monsterinsights_sitenote_active":false,"_monsterinsights_sitenote_note":"","_monsterinsights_sitenote_category":0},"product_brand":[],"product_cat":[45,18],"product_tag":[],"class_list":{"0":"post-1042","1":"product","2":"type-product","3":"status-publish","4":"has-post-thumbnail","6":"product_cat-accessoires-pdf","7":"product_cat-patron-pdf","9":"first","10":"instock","11":"downloadable","12":"virtual","13":"purchasable","14":"product-type-simple"},"aioseo_notices":[],"jetpack_sharing_enabled":true,"_links":{"self":[{"href":"https:\/\/morganetaverniers.com\/index.php\/wp-json\/wp\/v2\/product\/1042","targetHints":{"allow":["GET"]}}],"collection":[{"href":"https:\/\/morganetaverniers.com\/index.php\/wp-json\/wp\/v2\/product"}],"about":[{"href":"https:\/\/morganetaverniers.com\/index.php\/wp-json\/wp\/v2\/types\/product"}],"replies":[{"embeddable":true,"href":"https:\/\/morganetaverniers.com\/index.php\/wp-json\/wp\/v2\/comments?post=1042"}],"wp:featuredmedia":[{"embeddable":true,"href":"https:\/\/morganetaverniers.com\/index.php\/wp-json\/wp\/v2\/media\/1197"}],"wp:attachment":[{"href":"https:\/\/morganetaverniers.com\/index.php\/wp-json\/wp\/v2\/media?parent=1042"}],"wp:term":[{"taxonomy":"product_brand","embeddable":true,"href":"https:\/\/morganetaverniers.com\/index.php\/wp-json\/wp\/v2\/product_brand?post=1042"},{"taxonomy":"product_cat","embeddable":true,"href":"https:\/\/morganetaverniers.com\/index.php\/wp-json\/wp\/v2\/product_cat?post=1042"},{"taxonomy":"product_tag","embeddable":true,"href":"https:\/\/morganetaverniers.com\/index.php\/wp-json\/wp\/v2\/product_tag?post=1042"}],"curies":[{"name":"wp","href":"https:\/\/api.w.org\/{rel}","templated":true}]}}