{"id":1072,"date":"2024-02-14T18:35:53","date_gmt":"2024-02-14T17:35:53","guid":{"rendered":"https:\/\/morganetaverniers.com\/?post_type=product&#038;p=1072"},"modified":"2025-03-10T12:55:17","modified_gmt":"2025-03-10T11:55:17","slug":"patron-pdf-pochette-coeur-valentine","status":"publish","type":"product","link":"https:\/\/morganetaverniers.com\/index.php\/product\/patron-pdf-pochette-coeur-valentine\/","title":{"rendered":"Pochette C\u0153ur Valentine &#8211; Patron PDF"},"content":{"rendered":"<p>Patron PDF Pochette c\u0153ur Valentine.<\/p>\n<p>Dimensions : 10 x 10,5 x 1,2cm.<\/p>\n<p>Niveau de difficult\u00e9 : 2\/5<\/p>\n<p>Le fichier comprend :<\/p>\n<ul>\n<li>Patron PDF A4 \u00e0 t\u00e9l\u00e9charger et \u00e0 imprimer \u00e0 \u00e9chelle 100%<\/li>\n<li>Instructions PDF \u00e0 t\u00e9l\u00e9charger<\/li>\n<\/ul>\n<p>En photos, retrouvez les 3 versions diff\u00e9rentes : simple \/ avec sangle \/ avec mousqueton ou anneau.<\/p>\n<p>(\/!\\ Sur la version mousqueton, le zip a \u00e9t\u00e9 plac\u00e9 dans un arrondi mais sur le patron, les rep\u00e8res sont pour un placement sur un c\u00f4t\u00e9 droit.)<\/p>\n","protected":false},"excerpt":{"rendered":"<p>Petite pochette en forme de c\u0153ur non doubl\u00e9e.<\/p>\n<p>Tr\u00e8s pratique \u00e0 glisser dans ses poches ou son sac \u00e0 main. Elle pourra servir de porte monnaie, de rangement pour \u00e9couteur, pour bijoux ou tout autre petits objets qui se perdent dans nos sacs.<\/p>\n<p>A emmener partout avec soi !!<\/p>\n<p>&nbsp;<\/p>\n","protected":false},"featured_media":1108,"comment_status":"open","ping_status":"closed","template":"","meta":{"_monsterinsights_skip_tracking":false,"_monsterinsights_sitenote_active":false,"_monsterinsights_sitenote_note":"","_monsterinsights_sitenote_category":0},"product_brand":[],"product_cat":[45,18],"product_tag":[],"class_list":{"0":"post-1072","1":"product","2":"type-product","3":"status-publish","4":"has-post-thumbnail","6":"product_cat-accessoires-pdf","7":"product_cat-patron-pdf","9":"first","10":"instock","11":"downloadable","12":"virtual","13":"purchasable","14":"product-type-simple"},"aioseo_notices":[],"jetpack_sharing_enabled":true,"_links":{"self":[{"href":"https:\/\/morganetaverniers.com\/index.php\/wp-json\/wp\/v2\/product\/1072","targetHints":{"allow":["GET"]}}],"collection":[{"href":"https:\/\/morganetaverniers.com\/index.php\/wp-json\/wp\/v2\/product"}],"about":[{"href":"https:\/\/morganetaverniers.com\/index.php\/wp-json\/wp\/v2\/types\/product"}],"replies":[{"embeddable":true,"href":"https:\/\/morganetaverniers.com\/index.php\/wp-json\/wp\/v2\/comments?post=1072"}],"wp:featuredmedia":[{"embeddable":true,"href":"https:\/\/morganetaverniers.com\/index.php\/wp-json\/wp\/v2\/media\/1108"}],"wp:attachment":[{"href":"https:\/\/morganetaverniers.com\/index.php\/wp-json\/wp\/v2\/media?parent=1072"}],"wp:term":[{"taxonomy":"product_brand","embeddable":true,"href":"https:\/\/morganetaverniers.com\/index.php\/wp-json\/wp\/v2\/product_brand?post=1072"},{"taxonomy":"product_cat","embeddable":true,"href":"https:\/\/morganetaverniers.com\/index.php\/wp-json\/wp\/v2\/product_cat?post=1072"},{"taxonomy":"product_tag","embeddable":true,"href":"https:\/\/morganetaverniers.com\/index.php\/wp-json\/wp\/v2\/product_tag?post=1072"}],"curies":[{"name":"wp","href":"https:\/\/api.w.org\/{rel}","templated":true}]}}