{"id":1103,"date":"2024-06-15T15:42:41","date_gmt":"2024-06-15T13:42:41","guid":{"rendered":"https:\/\/morganetaverniers.com\/?post_type=product&#038;p=1103"},"modified":"2024-08-22T13:45:43","modified_gmt":"2024-08-22T11:45:43","slug":"salopette-duna-patron-pdf","status":"publish","type":"product","link":"https:\/\/morganetaverniers.com\/index.php\/product\/salopette-duna-patron-pdf\/","title":{"rendered":"Salopette DUNA &#8211; Patron PDF"},"content":{"rendered":"<p>Patron de la salopette Duna au format PDF.<\/p>\n<p>De la taille 34 \u00e0 52.<\/p>\n<p>Niveau de difficult\u00e9 : 3,5\/5<\/p>\n<p>Le fichier comprend :<\/p>\n<ul>\n<li>Patron PDF A4 \u00e0 t\u00e9l\u00e9charger et \u00e0 imprimer \u00e0 \u00e9chelle 100%<\/li>\n<li>Patron PDF A0 \u00e0 t\u00e9l\u00e9charger<\/li>\n<li>Instructions PDF \u00e0 t\u00e9l\u00e9charger<\/li>\n<\/ul>\n<p>(Utiliser Adobe Acrobat pour avoir acc\u00e8s aux calques sur les patrons.)<\/p>\n","protected":false},"excerpt":{"rendered":"<p>Duna est une salopette de coupe assez ajust\u00e9e qui peut \u00eatre cousue en version pantalon ou short. Elle est munie de bretelles \u00e9lastiqu\u00e9es pour plus de confort et se ferme gr\u00e2ce \u00e0 une fermeture invisible sur le c\u00f4t\u00e9. Elle poss\u00e8de des poches \u00e0 diff\u00e9rents endroits pour rester un v\u00eatement pratique au quotidien : Une poche poitrine avec rabat, des grandes poches au niveau des hanches et des poches dans le dos. Le mod\u00e8le peut se coudre aussi bien dans une mati\u00e8re qui a de la tenue (comme une gabardine), ou dans des mati\u00e8res plus fluides et l\u00e9g\u00e8res pour l\u2019\u00e9t\u00e9. (Lin, viscose, &#8230;).<\/p>\n<p><em>Partage tes cr\u00e9ations sur instagram #MorganeTaverniers #Salopetteduna<\/em><\/p>\n","protected":false},"featured_media":1096,"comment_status":"open","ping_status":"closed","template":"","meta":{"_monsterinsights_skip_tracking":false,"_monsterinsights_sitenote_active":false,"_monsterinsights_sitenote_note":"","_monsterinsights_sitenote_category":0},"product_brand":[],"product_cat":[18,50],"product_tag":[],"class_list":{"0":"post-1103","1":"product","2":"type-product","3":"status-publish","4":"has-post-thumbnail","6":"product_cat-patron-pdf","7":"product_cat-vetements-pdf","9":"first","10":"instock","11":"downloadable","12":"virtual","13":"purchasable","14":"product-type-simple"},"aioseo_notices":[],"jetpack_sharing_enabled":true,"_links":{"self":[{"href":"https:\/\/morganetaverniers.com\/index.php\/wp-json\/wp\/v2\/product\/1103","targetHints":{"allow":["GET"]}}],"collection":[{"href":"https:\/\/morganetaverniers.com\/index.php\/wp-json\/wp\/v2\/product"}],"about":[{"href":"https:\/\/morganetaverniers.com\/index.php\/wp-json\/wp\/v2\/types\/product"}],"replies":[{"embeddable":true,"href":"https:\/\/morganetaverniers.com\/index.php\/wp-json\/wp\/v2\/comments?post=1103"}],"wp:featuredmedia":[{"embeddable":true,"href":"https:\/\/morganetaverniers.com\/index.php\/wp-json\/wp\/v2\/media\/1096"}],"wp:attachment":[{"href":"https:\/\/morganetaverniers.com\/index.php\/wp-json\/wp\/v2\/media?parent=1103"}],"wp:term":[{"taxonomy":"product_brand","embeddable":true,"href":"https:\/\/morganetaverniers.com\/index.php\/wp-json\/wp\/v2\/product_brand?post=1103"},{"taxonomy":"product_cat","embeddable":true,"href":"https:\/\/morganetaverniers.com\/index.php\/wp-json\/wp\/v2\/product_cat?post=1103"},{"taxonomy":"product_tag","embeddable":true,"href":"https:\/\/morganetaverniers.com\/index.php\/wp-json\/wp\/v2\/product_tag?post=1103"}],"curies":[{"name":"wp","href":"https:\/\/api.w.org\/{rel}","templated":true}]}}