{"id":1105,"date":"2024-06-15T15:42:15","date_gmt":"2024-06-15T13:42:15","guid":{"rendered":"https:\/\/morganetaverniers.com\/?post_type=product&#038;p=1105"},"modified":"2024-08-22T13:46:03","modified_gmt":"2024-08-22T11:46:03","slug":"pack-collection-pe24-patron-pdf","status":"publish","type":"product","link":"https:\/\/morganetaverniers.com\/index.php\/product\/pack-collection-pe24-patron-pdf\/","title":{"rendered":"PACK Collection PE24 &#8211; Patron PDF"},"content":{"rendered":"<p>Patrons de la collection Printemps-Et\u00e9 au format PDF.<\/p>\n<p>De la taille 34 \u00e0 52 (mod\u00e8les femme) et de la taille XS au 2XL (mod\u00e8le homme).<\/p>\n<p>Niveau de difficult\u00e9 : 3\/5 (Berry &amp; Osmo) \/\u00a0 3,5\/5 (Duna)<\/p>\n<p>Le fichier comprend :<\/p>\n<ul>\n<li>Patrons PDF A4 \u00e0 t\u00e9l\u00e9charger et \u00e0 imprimer \u00e0 \u00e9chelle 100%<\/li>\n<li>Patrons PDF A0 \u00e0 t\u00e9l\u00e9charger<\/li>\n<li>Instructions PDF \u00e0 t\u00e9l\u00e9charger<\/li>\n<\/ul>\n<p>(Utiliser Adobe Acrobat pour avoir acc\u00e8s aux calques sur les patrons.)<\/p>\n","protected":false},"excerpt":{"rendered":"<p>Lot regroupant les 3 patrons PDF de la 1\u00e8re collection Printemps-Et\u00e9 2024.<\/p>\n<p>Veste Osmo :<\/p>\n<p>Osmo est une veste homme de coupe droite non doubl\u00e9e. Elle est ferm\u00e9e jusqu\u2019au pied de col par des boutons sur le devant. La veste poss\u00e8de 2 poches ext\u00e9rieures pour les petits objets du quotidien (CB, mouchoirs, &#8230;). A l\u2019int\u00e9rieur, on retrouve 2 poches (1 de chaque c\u00f4t\u00e9) avec 2 compartiments chacune qui peuvent emmener des objets un peu plus gros (t\u00e9l\u00e9phone, porte feuille, bo\u00eete \u00e0 lunettes, &#8230;).<\/p>\n<p>Veste Berry :<\/p>\n<p>Berry est une veste femme courte et de coupe droite non doubl\u00e9e. Le devant poss\u00e8de des angles arrondis qui rend ce mod\u00e8le de veste original. Elle se ferme par 4 boutons sur le devant et poss\u00e8de 2 poches ext\u00e9rieures pour principalement mettre ses mains. A l\u2019int\u00e9rieur, on retrouve 4 poches (2 de chaque c\u00f4t\u00e9) qui elles, servent \u00e0 emmener ses petites affaires quand on sort. (T\u00e9l\u00e9phone, CB, mouchoirs, cl\u00e9s ..)<\/p>\n<p>Salopette Duna :<\/p>\n<p>Duna est une salopette de coupe assez ajust\u00e9e qui peut \u00eatre cousue en version pantalon ou short. Elle est munie de bretelles \u00e9lastiqu\u00e9es pour plus de confort et se ferme gr\u00e2ce \u00e0 une fermeture invisible sur le c\u00f4t\u00e9. Elle poss\u00e8de des poches \u00e0 diff\u00e9rents endroits pour rester un v\u00eatement pratique au quotidien : Une poche poitrine avec rabat, des grandes poches au niveau des hanches et des poches dans le dos. Le mod\u00e8le peut se coudre aussi bien dans une mati\u00e8re qui a de la tenue (comme une gabardine), ou dans des mati\u00e8res plus fluides et l\u00e9g\u00e8res pour l\u2019\u00e9t\u00e9. (Lin, viscose, &#8230;).<\/p>\n<p><em>Partage tes cr\u00e9ations sur instagram #MorganeTaverniers #Vesteosmo #Vesteberry #Salopetteduna<\/em><\/p>\n","protected":false},"featured_media":1107,"comment_status":"open","ping_status":"closed","template":"","meta":{"_monsterinsights_skip_tracking":false,"_monsterinsights_sitenote_active":false,"_monsterinsights_sitenote_note":"","_monsterinsights_sitenote_category":0},"product_brand":[],"product_cat":[18,50],"product_tag":[],"class_list":{"0":"post-1105","1":"product","2":"type-product","3":"status-publish","4":"has-post-thumbnail","6":"product_cat-patron-pdf","7":"product_cat-vetements-pdf","9":"first","10":"instock","11":"sale","12":"downloadable","13":"virtual","14":"purchasable","15":"product-type-simple"},"aioseo_notices":[],"jetpack_sharing_enabled":true,"_links":{"self":[{"href":"https:\/\/morganetaverniers.com\/index.php\/wp-json\/wp\/v2\/product\/1105","targetHints":{"allow":["GET"]}}],"collection":[{"href":"https:\/\/morganetaverniers.com\/index.php\/wp-json\/wp\/v2\/product"}],"about":[{"href":"https:\/\/morganetaverniers.com\/index.php\/wp-json\/wp\/v2\/types\/product"}],"replies":[{"embeddable":true,"href":"https:\/\/morganetaverniers.com\/index.php\/wp-json\/wp\/v2\/comments?post=1105"}],"wp:featuredmedia":[{"embeddable":true,"href":"https:\/\/morganetaverniers.com\/index.php\/wp-json\/wp\/v2\/media\/1107"}],"wp:attachment":[{"href":"https:\/\/morganetaverniers.com\/index.php\/wp-json\/wp\/v2\/media?parent=1105"}],"wp:term":[{"taxonomy":"product_brand","embeddable":true,"href":"https:\/\/morganetaverniers.com\/index.php\/wp-json\/wp\/v2\/product_brand?post=1105"},{"taxonomy":"product_cat","embeddable":true,"href":"https:\/\/morganetaverniers.com\/index.php\/wp-json\/wp\/v2\/product_cat?post=1105"},{"taxonomy":"product_tag","embeddable":true,"href":"https:\/\/morganetaverniers.com\/index.php\/wp-json\/wp\/v2\/product_tag?post=1105"}],"curies":[{"name":"wp","href":"https:\/\/api.w.org\/{rel}","templated":true}]}}