{"id":1187,"date":"2025-03-15T10:00:07","date_gmt":"2025-03-15T09:00:07","guid":{"rendered":"https:\/\/morganetaverniers.com\/?post_type=product&#038;p=1187"},"modified":"2026-01-30T16:55:12","modified_gmt":"2026-01-30T15:55:12","slug":"banane-a-tricot-keko-patron-pdf","status":"publish","type":"product","link":"https:\/\/morganetaverniers.com\/index.php\/product\/banane-a-tricot-keko-patron-pdf\/","title":{"rendered":"Banane \u00e0 Tricot K\u00e9ko &#8211; Patron PDF (FR &amp; EN)"},"content":{"rendered":"<p>COLLABORATION Morgane Taverniers x CocoMarieKnit<\/p>\n<p>Patron PDF Banane \u00e0 tricot K\u00e9ko. <em>(Also available in ENGLISH)<\/em><\/p>\n<p>Dimensions :<\/p>\n<ul>\n<li>Petit format : 20 x 30 cm \/ <em>Small size : 7,77 x 11,81 inches<\/em><\/li>\n<li>Grand format : 25 x 40 cm \/ <em>Large size : 9,84 x 15,75 inches<\/em><\/li>\n<\/ul>\n<p>Niveau de difficult\u00e9 : 2\/5\u00a0 \/ <em>Difficulty level : 2\/5<\/em><\/p>\n<p>Accessible aux d\u00e9butants. \/<em> Accessible to beginners<\/em><\/p>\n<p>Etapes les plus difficiles : \/ <em>Most difficult steps :<\/em><\/p>\n<ul>\n<li>Coudre avec plusieurs \u00e9paisseurs <em>\/ Stitch with several layers<\/em><\/li>\n<li>Coudre du biais (optionnel) <em>\/ Stitch bias tape (optional)<\/em><\/li>\n<\/ul>\n<p>Le fichier comprend : \/ <em>The file includes :\u00a0<\/em><\/p>\n<ul>\n<li>Patron PDF A4 \u00e0 t\u00e9l\u00e9charger et \u00e0 imprimer \u00e0 \u00e9chelle 100% (calques disponibles pour imprimer la taille de son choix) \/ <em>A4 PDF pattern to download and print at 100% scale (layers available to print the size of your choice)<\/em><\/li>\n<li>Instructions PDF \u00e0 t\u00e9l\u00e9charger \/ <em>PDF instructions to download<\/em><\/li>\n<\/ul>\n","protected":false},"excerpt":{"rendered":"<p>Issue d&rsquo;une collaboration entre l&rsquo;univers de la couture de Morgane et l&rsquo;univers tricot de Marie (@cocomarieknit), cette banane avec 2 formats possibles est compos\u00e9e de plusieurs compartiments int\u00e9rieurs sp\u00e9cialement pens\u00e9s pour transporter son projet tricot avec tous ces accessoires (aiguilles, c\u00e2bles, marqueurs, carnet \u2026).<\/p>\n<p>Tr\u00e8s pratique pour tricoter lors de vos d\u00e9placements !<\/p>\n<p><em>The result of a collaboration between Morgane&rsquo;s sewing world and Marie&rsquo;s (@cocomarieknit) knitting world, this bumbag, available in two sizes, features several interior compartments specially designed for carrying your knitting project and all its accessories (needles, cables, markers, notebook, etc.).<\/em><\/p>\n<p><em>Very practical for knitting on the go!<\/em><\/p>\n<p>&nbsp;<\/p>\n<p><em>Partage tes cr\u00e9ations sur instagram #MorganeTaverniers #Bananek\u00e9ko<\/em><\/p>\n","protected":false},"featured_media":1188,"comment_status":"open","ping_status":"closed","template":"","meta":{"_monsterinsights_skip_tracking":false,"_monsterinsights_sitenote_active":false,"_monsterinsights_sitenote_note":"","_monsterinsights_sitenote_category":0},"product_brand":[],"product_cat":[45,18],"product_tag":[],"class_list":{"0":"post-1187","1":"product","2":"type-product","3":"status-publish","4":"has-post-thumbnail","6":"product_cat-accessoires-pdf","7":"product_cat-patron-pdf","9":"first","10":"instock","11":"downloadable","12":"virtual","13":"purchasable","14":"product-type-simple"},"aioseo_notices":[],"jetpack_sharing_enabled":true,"_links":{"self":[{"href":"https:\/\/morganetaverniers.com\/index.php\/wp-json\/wp\/v2\/product\/1187","targetHints":{"allow":["GET"]}}],"collection":[{"href":"https:\/\/morganetaverniers.com\/index.php\/wp-json\/wp\/v2\/product"}],"about":[{"href":"https:\/\/morganetaverniers.com\/index.php\/wp-json\/wp\/v2\/types\/product"}],"replies":[{"embeddable":true,"href":"https:\/\/morganetaverniers.com\/index.php\/wp-json\/wp\/v2\/comments?post=1187"}],"wp:featuredmedia":[{"embeddable":true,"href":"https:\/\/morganetaverniers.com\/index.php\/wp-json\/wp\/v2\/media\/1188"}],"wp:attachment":[{"href":"https:\/\/morganetaverniers.com\/index.php\/wp-json\/wp\/v2\/media?parent=1187"}],"wp:term":[{"taxonomy":"product_brand","embeddable":true,"href":"https:\/\/morganetaverniers.com\/index.php\/wp-json\/wp\/v2\/product_brand?post=1187"},{"taxonomy":"product_cat","embeddable":true,"href":"https:\/\/morganetaverniers.com\/index.php\/wp-json\/wp\/v2\/product_cat?post=1187"},{"taxonomy":"product_tag","embeddable":true,"href":"https:\/\/morganetaverniers.com\/index.php\/wp-json\/wp\/v2\/product_tag?post=1187"}],"curies":[{"name":"wp","href":"https:\/\/api.w.org\/{rel}","templated":true}]}}