{"id":1315,"date":"2025-03-17T12:53:16","date_gmt":"2025-03-17T11:53:16","guid":{"rendered":"https:\/\/morganetaverniers.com\/?post_type=product&#038;p=1315"},"modified":"2025-03-17T12:56:18","modified_gmt":"2025-03-17T11:56:18","slug":"salopette-duna-patron-pochette","status":"publish","type":"product","link":"https:\/\/morganetaverniers.com\/index.php\/product\/salopette-duna-patron-pochette\/","title":{"rendered":"Salopette DUNA &#8211; Patron POCHETTE"},"content":{"rendered":"<p>Patron de la salopette Duna au format POCHETTE.<\/p>\n<p>De la taille 34 \u00e0 52.<\/p>\n<p>Niveau de difficult\u00e9 : 3,5\/5<\/p>\n<p>La pochette comprend :<\/p>\n<ul>\n<li>Livret d\u2019instructions imprim\u00e9 (et en version PDF)<\/li>\n<li>Patron A0 imprim\u00e9 (et en version PDF)<\/li>\n<li>Patron A4 en version PDF<\/li>\n<\/ul>\n<p>Envoi uniquement en France et en point relais ou lockers avec Mondial Relay.<\/p>\n","protected":false},"excerpt":{"rendered":"<p>Duna est une salopette de coupe assez ajust\u00e9e qui peut \u00eatre cousue en version pantalon ou short. Elle est munie de bretelles \u00e9lastiqu\u00e9es pour plus de confort et se ferme gr\u00e2ce \u00e0 une fermeture invisible sur le c\u00f4t\u00e9. Elle poss\u00e8de des poches \u00e0 diff\u00e9rents endroits pour rester un v\u00eatement pratique au quotidien : Une poche poitrine avec rabat, des grandes poches au niveau des hanches et des poches dans le dos. Le mod\u00e8le peut se coudre aussi bien dans une mati\u00e8re qui a de la tenue (comme une gabardine), ou dans des mati\u00e8res plus fluides et l\u00e9g\u00e8res pour l\u2019\u00e9t\u00e9. (Lin, viscose, &#8230;).<\/p>\n<p><em>Partage tes cr\u00e9ations sur instagram #MorganeTaverniers #Salopetteduna<\/em><\/p>\n","protected":false},"featured_media":1096,"comment_status":"open","ping_status":"closed","template":"","meta":{"_monsterinsights_skip_tracking":false,"_monsterinsights_sitenote_active":false,"_monsterinsights_sitenote_note":"","_monsterinsights_sitenote_category":0},"product_brand":[],"product_cat":[43,49],"product_tag":[],"class_list":{"0":"post-1315","1":"product","2":"type-product","3":"status-publish","4":"has-post-thumbnail","6":"product_cat-patron-pochette","7":"product_cat-vetements-pochette","9":"first","10":"instock","11":"downloadable","12":"shipping-taxable","13":"purchasable","14":"product-type-simple"},"aioseo_notices":[],"jetpack_sharing_enabled":true,"_links":{"self":[{"href":"https:\/\/morganetaverniers.com\/index.php\/wp-json\/wp\/v2\/product\/1315","targetHints":{"allow":["GET"]}}],"collection":[{"href":"https:\/\/morganetaverniers.com\/index.php\/wp-json\/wp\/v2\/product"}],"about":[{"href":"https:\/\/morganetaverniers.com\/index.php\/wp-json\/wp\/v2\/types\/product"}],"replies":[{"embeddable":true,"href":"https:\/\/morganetaverniers.com\/index.php\/wp-json\/wp\/v2\/comments?post=1315"}],"wp:featuredmedia":[{"embeddable":true,"href":"https:\/\/morganetaverniers.com\/index.php\/wp-json\/wp\/v2\/media\/1096"}],"wp:attachment":[{"href":"https:\/\/morganetaverniers.com\/index.php\/wp-json\/wp\/v2\/media?parent=1315"}],"wp:term":[{"taxonomy":"product_brand","embeddable":true,"href":"https:\/\/morganetaverniers.com\/index.php\/wp-json\/wp\/v2\/product_brand?post=1315"},{"taxonomy":"product_cat","embeddable":true,"href":"https:\/\/morganetaverniers.com\/index.php\/wp-json\/wp\/v2\/product_cat?post=1315"},{"taxonomy":"product_tag","embeddable":true,"href":"https:\/\/morganetaverniers.com\/index.php\/wp-json\/wp\/v2\/product_tag?post=1315"}],"curies":[{"name":"wp","href":"https:\/\/api.w.org\/{rel}","templated":true}]}}