{"id":1741,"date":"2025-12-14T19:32:14","date_gmt":"2025-12-14T18:32:14","guid":{"rendered":"https:\/\/morganetaverniers.com\/?post_type=product&#038;p=1741"},"modified":"2026-01-30T16:53:09","modified_gmt":"2026-01-30T15:53:09","slug":"sacoche-appareil-photo-lillie-patron-pdf","status":"publish","type":"product","link":"https:\/\/morganetaverniers.com\/index.php\/product\/sacoche-appareil-photo-lillie-patron-pdf\/","title":{"rendered":"Sacoche Appareil Photo Lillie &#8211; Patron PDF"},"content":{"rendered":"<p>Patron PDF Sacoche pour Appareil Photo Lillie.<\/p>\n<p>Dimensions (L x l x h) : 21 x 15 x 13 cm<\/p>\n<p>Niveau de difficult\u00e9 : 3\/5<\/p>\n<p>Le fichier comprend :<\/p>\n<ul>\n<li>Patron PDF A4 \u00e0 t\u00e9l\u00e9charger et \u00e0 imprimer \u00e0 \u00e9chelle 100%<\/li>\n<li>Instructions PDF \u00e0 t\u00e9l\u00e9charger<\/li>\n<\/ul>\n","protected":false},"excerpt":{"rendered":"<p>Qui se cache derri\u00e8re une couturi\u00e8re sur les r\u00e9seaux ? Son appareil photo ! Et quoi de mieux que de combiner les 2 pour avoir sa sacoche pour appareil photo personnalis\u00e9e !<\/p>\n<p>Dans ton style, dans tes mati\u00e8res et tes couleurs, place \u00e0 la cr\u00e9ativit\u00e9 !\u2728<\/p>\n<p>Lillie est une sacoche rembourr\u00e9e avec de la mousse pour prot\u00e9ger votre appareil. Aux airs de petit Vanity, ce patron est id\u00e9al pour utiliser ses chutes de tissus.<\/p>\n<p><em>Partage tes cr\u00e9ations sur instagram #MorganeTaverniers #Sacochelillie<\/em><\/p>\n","protected":false},"featured_media":1757,"comment_status":"open","ping_status":"closed","template":"","meta":{"_monsterinsights_skip_tracking":false,"_monsterinsights_sitenote_active":false,"_monsterinsights_sitenote_note":"","_monsterinsights_sitenote_category":0},"product_brand":[],"product_cat":[18,45],"product_tag":[],"class_list":{"0":"post-1741","1":"product","2":"type-product","3":"status-publish","4":"has-post-thumbnail","6":"product_cat-patron-pdf","7":"product_cat-accessoires-pdf","9":"first","10":"instock","11":"downloadable","12":"virtual","13":"purchasable","14":"product-type-simple"},"aioseo_notices":[],"jetpack_sharing_enabled":true,"_links":{"self":[{"href":"https:\/\/morganetaverniers.com\/index.php\/wp-json\/wp\/v2\/product\/1741","targetHints":{"allow":["GET"]}}],"collection":[{"href":"https:\/\/morganetaverniers.com\/index.php\/wp-json\/wp\/v2\/product"}],"about":[{"href":"https:\/\/morganetaverniers.com\/index.php\/wp-json\/wp\/v2\/types\/product"}],"replies":[{"embeddable":true,"href":"https:\/\/morganetaverniers.com\/index.php\/wp-json\/wp\/v2\/comments?post=1741"}],"wp:featuredmedia":[{"embeddable":true,"href":"https:\/\/morganetaverniers.com\/index.php\/wp-json\/wp\/v2\/media\/1757"}],"wp:attachment":[{"href":"https:\/\/morganetaverniers.com\/index.php\/wp-json\/wp\/v2\/media?parent=1741"}],"wp:term":[{"taxonomy":"product_brand","embeddable":true,"href":"https:\/\/morganetaverniers.com\/index.php\/wp-json\/wp\/v2\/product_brand?post=1741"},{"taxonomy":"product_cat","embeddable":true,"href":"https:\/\/morganetaverniers.com\/index.php\/wp-json\/wp\/v2\/product_cat?post=1741"},{"taxonomy":"product_tag","embeddable":true,"href":"https:\/\/morganetaverniers.com\/index.php\/wp-json\/wp\/v2\/product_tag?post=1741"}],"curies":[{"name":"wp","href":"https:\/\/api.w.org\/{rel}","templated":true}]}}