{"id":1926,"date":"2026-02-28T09:00:40","date_gmt":"2026-02-28T08:00:40","guid":{"rendered":"https:\/\/morganetaverniers.com\/?post_type=product&#038;p=1926"},"modified":"2026-03-06T12:33:26","modified_gmt":"2026-03-06T11:33:26","slug":"blouse-viny-patron-pdf","status":"publish","type":"product","link":"https:\/\/morganetaverniers.com\/index.php\/product\/blouse-viny-patron-pdf\/","title":{"rendered":"Blouse VINY &#8211; Patron PDF"},"content":{"rendered":"<p>COLLABORATION Morgane Taverniers x CocoMarieKnit<\/p>\n<p>Patron de la blouse Viny au format PDF.<\/p>\n<p>De la taille 34 \u00e0 52.<\/p>\n<p>Niveau de difficult\u00e9 : 3\/5<\/p>\n<p>Le fichier comprend :<\/p>\n<ul>\n<li>Patron PDF A4 \u00e0 t\u00e9l\u00e9charger et \u00e0 imprimer \u00e0 \u00e9chelle 100%<\/li>\n<li>Patron PDF A0 \u00e0 t\u00e9l\u00e9charger<\/li>\n<li>Instructions PDF \u00e0 t\u00e9l\u00e9charger<\/li>\n<\/ul>\n<p>(Utiliser Adobe Acrobat pour avoir acc\u00e8s aux calques sur les patrons.)<\/p>\n","protected":false},"excerpt":{"rendered":"<p>Issue d\u2019une collaboration entre l\u2019univers de la couture de Morgane et l\u2019univers tricot de Marie (@cocomarieknit), Viny est une blouse pens\u00e9e pour \u00eatre port\u00e9e sous un pull avec ou sans manche.<\/p>\n<p>Viny est ample, au devant plus court que le dos. Elle poss\u00e8de des manches bouffantes finies par des poignets avec volants et un col volant\u00e9 \u00e9galement.<\/p>\n<p><em>Partage tes cr\u00e9ations sur instagram #MorganeTaverniers #cocomarieknit #BlouseViny<\/em><\/p>\n","protected":false},"featured_media":1939,"comment_status":"open","ping_status":"closed","template":"","meta":{"_monsterinsights_skip_tracking":false,"_monsterinsights_sitenote_active":false,"_monsterinsights_sitenote_note":"","_monsterinsights_sitenote_category":0},"product_brand":[],"product_cat":[18,50],"product_tag":[],"class_list":{"0":"post-1926","1":"product","2":"type-product","3":"status-publish","4":"has-post-thumbnail","6":"product_cat-patron-pdf","7":"product_cat-vetements-pdf","9":"first","10":"instock","11":"downloadable","12":"virtual","13":"purchasable","14":"product-type-simple"},"aioseo_notices":[],"jetpack_sharing_enabled":true,"_links":{"self":[{"href":"https:\/\/morganetaverniers.com\/index.php\/wp-json\/wp\/v2\/product\/1926","targetHints":{"allow":["GET"]}}],"collection":[{"href":"https:\/\/morganetaverniers.com\/index.php\/wp-json\/wp\/v2\/product"}],"about":[{"href":"https:\/\/morganetaverniers.com\/index.php\/wp-json\/wp\/v2\/types\/product"}],"replies":[{"embeddable":true,"href":"https:\/\/morganetaverniers.com\/index.php\/wp-json\/wp\/v2\/comments?post=1926"}],"wp:featuredmedia":[{"embeddable":true,"href":"https:\/\/morganetaverniers.com\/index.php\/wp-json\/wp\/v2\/media\/1939"}],"wp:attachment":[{"href":"https:\/\/morganetaverniers.com\/index.php\/wp-json\/wp\/v2\/media?parent=1926"}],"wp:term":[{"taxonomy":"product_brand","embeddable":true,"href":"https:\/\/morganetaverniers.com\/index.php\/wp-json\/wp\/v2\/product_brand?post=1926"},{"taxonomy":"product_cat","embeddable":true,"href":"https:\/\/morganetaverniers.com\/index.php\/wp-json\/wp\/v2\/product_cat?post=1926"},{"taxonomy":"product_tag","embeddable":true,"href":"https:\/\/morganetaverniers.com\/index.php\/wp-json\/wp\/v2\/product_tag?post=1926"}],"curies":[{"name":"wp","href":"https:\/\/api.w.org\/{rel}","templated":true}]}}