{"id":956,"date":"2023-11-28T23:05:58","date_gmt":"2023-11-28T22:05:58","guid":{"rendered":"https:\/\/morganetaverniers.com\/?post_type=product&#038;p=956"},"modified":"2026-02-18T11:17:19","modified_gmt":"2026-02-18T10:17:19","slug":"patron-sweat-tarco","status":"publish","type":"product","link":"https:\/\/morganetaverniers.com\/index.php\/product\/patron-sweat-tarco\/","title":{"rendered":"Sweat TARCO &#8211; Patron PDF"},"content":{"rendered":"<p>Patron du Sweat Tarco au format PDF.<\/p>\n<p>De la taille 34 \u00e0 52.<\/p>\n<p>Niveau de difficult\u00e9 : 3\/5<\/p>\n<p>Le fichier comprend :<\/p>\n<ul>\n<li>Patron PDF A4 \u00e0 t\u00e9l\u00e9charger et \u00e0 imprimer \u00e0 \u00e9chelle 100%<\/li>\n<li>Patron PDF A0 \u00e0 t\u00e9l\u00e9charger<\/li>\n<li>Instructions PDF \u00e0 t\u00e9l\u00e9charger<\/li>\n<\/ul>\n<p>(Utiliser Adobe Acrobat pour avoir acc\u00e8s aux calques sur les patrons.)<\/p>\n<p>&nbsp;<\/p>\n","protected":false},"excerpt":{"rendered":"<p>Tarco est un sweat qui arrive aux hanches. Il poss\u00e8de une capuche doubl\u00e9e mais \u00e9galement un col, pratique pour la saison.<br \/>\nSes manches sont resserr\u00e9es par un poignet et les d\u00e9coupes permettent de jouer avec les mati\u00e8res et\/ou les couleurs.<br \/>\nSa poche ventrale remplace une sacoche banane et est assez large pour contenir les petites affaires dont on a besoin<br \/>\nau quotidien (t\u00e9l\u00e9phone, porte-monnaie, cl\u00e9s, &#8230;).<\/p>\n<p><em>Partage tes cr\u00e9ations sur instagram #MorganeTaverniers #Sweattarco<\/em><\/p>\n","protected":false},"featured_media":1099,"comment_status":"closed","ping_status":"closed","template":"","meta":{"_monsterinsights_skip_tracking":false,"_monsterinsights_sitenote_active":false,"_monsterinsights_sitenote_note":"","_monsterinsights_sitenote_category":0},"product_brand":[],"product_cat":[18,50],"product_tag":[],"class_list":{"0":"post-956","1":"product","2":"type-product","3":"status-publish","4":"has-post-thumbnail","6":"product_cat-patron-pdf","7":"product_cat-vetements-pdf","9":"first","10":"instock","11":"downloadable","12":"virtual","13":"sold-individually","14":"purchasable","15":"product-type-simple"},"aioseo_notices":[],"jetpack_sharing_enabled":true,"_links":{"self":[{"href":"https:\/\/morganetaverniers.com\/index.php\/wp-json\/wp\/v2\/product\/956","targetHints":{"allow":["GET"]}}],"collection":[{"href":"https:\/\/morganetaverniers.com\/index.php\/wp-json\/wp\/v2\/product"}],"about":[{"href":"https:\/\/morganetaverniers.com\/index.php\/wp-json\/wp\/v2\/types\/product"}],"replies":[{"embeddable":true,"href":"https:\/\/morganetaverniers.com\/index.php\/wp-json\/wp\/v2\/comments?post=956"}],"wp:featuredmedia":[{"embeddable":true,"href":"https:\/\/morganetaverniers.com\/index.php\/wp-json\/wp\/v2\/media\/1099"}],"wp:attachment":[{"href":"https:\/\/morganetaverniers.com\/index.php\/wp-json\/wp\/v2\/media?parent=956"}],"wp:term":[{"taxonomy":"product_brand","embeddable":true,"href":"https:\/\/morganetaverniers.com\/index.php\/wp-json\/wp\/v2\/product_brand?post=956"},{"taxonomy":"product_cat","embeddable":true,"href":"https:\/\/morganetaverniers.com\/index.php\/wp-json\/wp\/v2\/product_cat?post=956"},{"taxonomy":"product_tag","embeddable":true,"href":"https:\/\/morganetaverniers.com\/index.php\/wp-json\/wp\/v2\/product_tag?post=956"}],"curies":[{"name":"wp","href":"https:\/\/api.w.org\/{rel}","templated":true}]}}